{"id":35,"date":"2023-12-27T14:37:56","date_gmt":"2023-12-27T14:37:56","guid":{"rendered":"https:\/\/englishincoabroad.com\/?page_id=35"},"modified":"2024-01-19T10:38:48","modified_gmt":"2024-01-19T13:38:48","slug":"sobre-nos","status":"publish","type":"page","link":"https:\/\/englishincoabroad.com\/index.php\/sobre-nos\/","title":{"rendered":"Sobre n\u00f3s"},"content":{"rendered":"<p><!-- Google tag (gtag.js) --><br \/>\n<script async src=\"https:\/\/www.googletagmanager.com\/gtag\/js?id=G-D3DCN8CK59\"><\/script><br \/>\n<script>\n  window.dataLayer = window.dataLayer || [];\n  function gtag(){dataLayer.push(arguments);}\n  gtag('js', new Date());<\/p>\n<p>  gtag('config', 'G-D3DCN8CK59');\n<\/script><\/p>\n<p>A English in Company \u00e9 uma conceituada escola particular de ingl\u00eas com uma rica hist\u00f3ria que se estende por mais de 20 anos. Fundada por Soraia Balbo Jarruche, uma professora experiente e especializada em pedagogia, ela capacitou milhares de alunos ao longo dos anos a aprimorar sua profici\u00eancia em ingl\u00eas.<\/p>\n<p>O English in Company teve grande sucesso ao ajudar os alunos a estudar no exterior e, em 2023, como parte de nossa expans\u00e3o e dedica\u00e7\u00e3o para atender ainda melhor nossos alunos, introduzimos o English in Co. Abroad. Esse novo empreendimento permite que nos concentremos exclusivamente em orientar os alunos do ensino m\u00e9dio durante o processo de inscri\u00e7\u00e3o para a faculdade, juntamente com nossos valiosos parceiros, o conselheiro escolar Dustin Vlok e o mentor estudantil Ian Kmiliauskis.<\/p>\n<p>Nossa miss\u00e3o \u00e9 simplificar o caminho para as faculdades dos EUA, oferecendo suporte abrangente em profici\u00eancia em ingl\u00eas, prepara\u00e7\u00e3o para testes, sele\u00e7\u00e3o de faculdades, procedimentos de inscri\u00e7\u00e3o, bolsas de estudo e orienta\u00e7\u00e3o sobre ajuda financeira. Junte-se a n\u00f3s e torne seu sonho de estudar no exterior uma realidade.<\/p>\n","protected":false},"excerpt":{"rendered":"<p>A English in Company \u00e9 uma conceituada escola particular de ingl\u00eas com uma rica hist\u00f3ria que se estende por mais de 20 anos. Fundada por [&hellip;]<\/p>\n","protected":false},"author":1,"featured_media":0,"parent":0,"menu_order":1,"comment_status":"closed","ping_status":"closed","template":"","meta":{"om_disable_all_campaigns":false,"footnotes":""},"class_list":["post-35","page","type-page","status-publish","hentry"],"aioseo_notices":[],"_links":{"self":[{"href":"https:\/\/englishincoabroad.com\/index.php\/wp-json\/wp\/v2\/pages\/35","targetHints":{"allow":["GET"]}}],"collection":[{"href":"https:\/\/englishincoabroad.com\/index.php\/wp-json\/wp\/v2\/pages"}],"about":[{"href":"https:\/\/englishincoabroad.com\/index.php\/wp-json\/wp\/v2\/types\/page"}],"author":[{"embeddable":true,"href":"https:\/\/englishincoabroad.com\/index.php\/wp-json\/wp\/v2\/users\/1"}],"replies":[{"embeddable":true,"href":"https:\/\/englishincoabroad.com\/index.php\/wp-json\/wp\/v2\/comments?post=35"}],"version-history":[{"count":4,"href":"https:\/\/englishincoabroad.com\/index.php\/wp-json\/wp\/v2\/pages\/35\/revisions"}],"predecessor-version":[{"id":126,"href":"https:\/\/englishincoabroad.com\/index.php\/wp-json\/wp\/v2\/pages\/35\/revisions\/126"}],"wp:attachment":[{"href":"https:\/\/englishincoabroad.com\/index.php\/wp-json\/wp\/v2\/media?parent=35"}],"curies":[{"name":"wp","href":"https:\/\/api.w.org\/{rel}","templated":true}]}}