{"id":94,"date":"2023-12-28T14:49:00","date_gmt":"2023-12-28T17:49:00","guid":{"rendered":"https:\/\/englishincoabroad.com\/?page_id=94"},"modified":"2024-01-19T10:38:40","modified_gmt":"2024-01-19T13:38:40","slug":"servicos","status":"publish","type":"page","link":"https:\/\/englishincoabroad.com\/index.php\/servicos\/","title":{"rendered":"Servi\u00e7os"},"content":{"rendered":"<p><!-- Google tag (gtag.js) --><br \/>\n<script async src=\"https:\/\/www.googletagmanager.com\/gtag\/js?id=G-D3DCN8CK59\"><\/script><br \/>\n<script>\n  window.dataLayer = window.dataLayer || [];\n  function gtag(){dataLayer.push(arguments);}\n  gtag('js', new Date());<\/p>\n<p>  gtag('config', 'G-D3DCN8CK59');\n<\/script><\/p>\n<p>Descubra como a English in Co. Abroad pode ajudar seu filho a se preparar e se inscrever com sucesso em faculdades dos EUA.<\/p>\n<ul>\n<li>Ajudamos e aprimoramos a profici\u00eancia em ingl\u00eas dos alunos em conversa\u00e7\u00e3o, leitura, reda\u00e7\u00e3o e compreens\u00e3o auditiva para prepar\u00e1-los para a faculdade nos EUA.<\/li>\n<li>Ajudamos os alunos a pesquisar e selecionar as faculdades que se alinham com seus objetivos.<\/li>\n<li>Nosso conselheiro escolar oferece suporte abrangente de prepara\u00e7\u00e3o para testes.<\/li>\n<li>Ajudamos a orientar os alunos durante o complexo processo de inscri\u00e7\u00e3o.<\/li>\n<li>Nossa equipe ajuda os alunos a solicitar e garantir bolsas de estudo e ajuda financeira.<\/li>\n<li>Fornecemos orienta\u00e7\u00e3o personalizada para a prepara\u00e7\u00e3o de entrevistas e muito mais.<\/li>\n<\/ul>\n","protected":false},"excerpt":{"rendered":"<p>Descubra como a English in Co. Abroad pode ajudar seu filho a se preparar e se inscrever com sucesso em faculdades dos EUA. Ajudamos e [&hellip;]<\/p>\n","protected":false},"author":1,"featured_media":0,"parent":0,"menu_order":2,"comment_status":"closed","ping_status":"closed","template":"","meta":{"om_disable_all_campaigns":false,"footnotes":""},"class_list":["post-94","page","type-page","status-publish","hentry"],"aioseo_notices":[],"_links":{"self":[{"href":"https:\/\/englishincoabroad.com\/index.php\/wp-json\/wp\/v2\/pages\/94","targetHints":{"allow":["GET"]}}],"collection":[{"href":"https:\/\/englishincoabroad.com\/index.php\/wp-json\/wp\/v2\/pages"}],"about":[{"href":"https:\/\/englishincoabroad.com\/index.php\/wp-json\/wp\/v2\/types\/page"}],"author":[{"embeddable":true,"href":"https:\/\/englishincoabroad.com\/index.php\/wp-json\/wp\/v2\/users\/1"}],"replies":[{"embeddable":true,"href":"https:\/\/englishincoabroad.com\/index.php\/wp-json\/wp\/v2\/comments?post=94"}],"version-history":[{"count":4,"href":"https:\/\/englishincoabroad.com\/index.php\/wp-json\/wp\/v2\/pages\/94\/revisions"}],"predecessor-version":[{"id":153,"href":"https:\/\/englishincoabroad.com\/index.php\/wp-json\/wp\/v2\/pages\/94\/revisions\/153"}],"wp:attachment":[{"href":"https:\/\/englishincoabroad.com\/index.php\/wp-json\/wp\/v2\/media?parent=94"}],"curies":[{"name":"wp","href":"https:\/\/api.w.org\/{rel}","templated":true}]}}